{"id":7,"date":"2024-03-24T17:18:15","date_gmt":"2024-03-24T17:18:15","guid":{"rendered":"https:\/\/edullistalainaa.com\/?page_id=7"},"modified":"2026-04-07T15:57:03","modified_gmt":"2026-04-07T15:57:03","slug":"kilpailuta-lainasi-ja-maksa-vain-pienta-kuukausieraa","status":"publish","type":"page","link":"https:\/\/edullistalainaa.com\/","title":{"rendered":"Maksa kalliit lainasi pois edullisella yhdistelylainalla!"},"content":{"rendered":"\n<h2 class=\"wp-block-heading\">Saat lainaa pienell\u00e4 kuukausier\u00e4ll\u00e4 helposti jopa 70.000\u20ac!<\/h2>\n\n\n\n<figure class=\"wp-block-image size-large is-resized\"><a href=\"https:\/\/lendia.fi\/?wpam_id=2IDaffiliateprogrammAFid5000190\"><img loading=\"lazy\" decoding=\"async\" width=\"1024\" height=\"1024\" src=\"https:\/\/edullistalainaa.com\/wp-content\/uploads\/2026\/04\/banner_42026-1024x1024.png\" alt=\"\" class=\"wp-image-246\" style=\"width:496px;height:auto\" srcset=\"https:\/\/edullistalainaa.com\/wp-content\/uploads\/2026\/04\/banner_42026-1024x1024.png 1024w, https:\/\/edullistalainaa.com\/wp-content\/uploads\/2026\/04\/banner_42026-300x300.png 300w, https:\/\/edullistalainaa.com\/wp-content\/uploads\/2026\/04\/banner_42026-150x150.png 150w, https:\/\/edullistalainaa.com\/wp-content\/uploads\/2026\/04\/banner_42026-768x768.png 768w, https:\/\/edullistalainaa.com\/wp-content\/uploads\/2026\/04\/banner_42026.png 1200w\" sizes=\"auto, (max-width: 1024px) 100vw, 1024px\" \/><\/a><\/figure>\n\n\n\n<p><strong><a href=\"https:\/\/lendia.fi\/?wpam_id=2IDaffiliateprogrammAFid5000190\">Lendia.fi<\/a><\/strong><\/p>\n\n\n\n<ul id=\"block-b1525f0b-c1d4-4bb9-8c28-d532ff5f8327\" class=\"wp-block-list has-black-color has-text-color\">\n<li><strong>Lainasummat:<\/strong>&nbsp;2000 \u2013 70.000 \u20ac<\/li>\n\n\n\n<li><strong>Laina-aika:<\/strong>&nbsp;1 \u2013 20 vuotta<\/li>\n\n\n\n<li><strong>Ik\u00e4raja:<\/strong>&nbsp;20 v<\/li>\n\n\n\n<li><strong>Lainap\u00e4\u00e4t\u00f6s:<\/strong>&nbsp;HETI<\/li>\n\n\n\n<li><strong>Laina tilille:<\/strong>&nbsp;Jopa tunnissa<\/li>\n\n\n\n<li><strong>Arvosana:<\/strong>&nbsp;10\/10<\/li>\n<\/ul>\n\n\n\n<p class=\"has-black-color has-text-color\" id=\"block-b31bb128-c80d-49bd-a791-ec76cf8c513a\"><strong>Lendia on kotimainen lainojen kilpailuttamispalvelu jonka kautta tuhannet tyytyv\u00e4iset asiakkaat ovat saaneet helposti 20.000\u20ac &#8211; 70.000\u20ac kokoisia lainoja ja yhdistelylainoja!<\/strong><\/p>\n\n\n\n<p><strong><a class=\"maxbutton-1 maxbutton maxbutton-h\" href=\"https:\/\/lendia.fi\/?wpam_id=2IDaffiliateprogrammAFid5000190\"><span class='mb-text'>YHDIST\u00c4 LAINAT T\u00c4ST\u00c4!<\/span><\/a><\/strong><\/p>\n\n\n\n<p>.<\/p>\n\n\n\n<h1 class=\"wp-block-heading has-black-color has-text-color has-link-color wp-elements-c723b4623a822bd7f1df68163dda88cd\">Yhdist\u00e4m\u00e4ll\u00e4 lainat s\u00e4\u00e4st\u00e4\u00e4t jopa tuhansia euroja jolloin sinulle j\u00e4\u00e4 enemm\u00e4n rahaa muihin kuluihin ja menoihin!<\/h1>\n\n\n\n<h1 class=\"wp-block-heading has-black-color has-text-color\">Vuonna 2025 lainojen yhdist\u00e4j\u00e4t s\u00e4\u00e4stiv\u00e4t keskim\u00e4\u00e4rin 1200\u20ac kuukaudessa verrattuna nykyisiin kalliiden lainojen lyhennyksiin ja korkoihin! T\u00e4m\u00e4 on 14400\u20ac vuodessa!!!<\/h1>\n\n\n\n<h2 class=\"wp-block-heading has-black-color has-text-color\">Lainojen yhdist\u00e4minen &#8211; paremmat ehdot vanhoille luotoille<\/h2>\n\n\n\n<p class=\"has-black-color has-text-color\"><strong>Lainojen yhdist\u00e4minen<\/strong>&nbsp;tarkoittaa olemassa olevien lainojen, kulutusluottojen tai luottokorttivelkojen uudelleen rahoittamista paremmilla ehdoilla. Lainoja yhdistett\u00e4ess\u00e4 velan m\u00e4\u00e4r\u00e4 pysyy ennallaan, mutta sen&nbsp;<strong>ehdot muuttuvat vanhoja lainasopimuksia edullisemmiksi<\/strong>.<\/p>\n\n\n\n<p class=\"has-black-color has-text-color\">Lainojen yhdist\u00e4minen voi kuulostaa ajatuksen tasolla ty\u00f6l\u00e4\u00e4lt\u00e4 tai kalliilta ratkaisulta. N\u00e4in ei kuitenkaan ole: lainojen yhdist\u00e4minen nimenomaan helpottaa talouden hallintaa ja pienent\u00e4\u00e4 lainakustannuksia.<\/p>\n\n\n\n<p class=\"has-black-color has-text-color\">Lainoja yhdistett\u00e4ess\u00e4 nykyiset luotot maksetaan pois ja aiemmin syntyneet velat keskitet\u00e4\u00e4n yhden lainasopimuksen alle. Lainojen yhdistelyn my\u00f6t\u00e4&nbsp;<strong>voimaan j\u00e4\u00e4 vain yksi lainasopimus<\/strong>, jota lyhennet\u00e4\u00e4n luotonmy\u00f6nt\u00e4j\u00e4lle sovituissa maksueriss\u00e4.<\/p>\n\n\n\n<p class=\"has-black-color has-text-color\">Jos sinulla on useampi&nbsp;laina, voit maksaa ne pois yhdell\u00e4 edullisemmalla yhdistelylainalla ja&nbsp;<strong>s\u00e4\u00e4st\u00e4\u00e4 lainakustannuksissa<\/strong>. N\u00e4in sinun ei tarvitse lyhent\u00e4\u00e4 lainoja moneen eri paikkaan ja k\u00e4ytt\u00f6\u00f6si j\u00e4\u00e4 enemm\u00e4n rahaa.<\/p>\n\n\n\n<p class=\"has-black-color has-text-color\">S\u00e4\u00e4st\u00f6 lainojen yhdist\u00e4misest\u00e4 syntyy usein sek\u00e4 pienemm\u00e4st\u00e4 lainan korosta, ett\u00e4 pienemmist\u00e4 kuukausittaisista palvelumaksuista.<\/p>\n\n\n\n<h2 class=\"wp-block-heading has-black-color has-text-color\" id=\"yhdistamalla-lainat-saastyy-tutkitusti-keskimaarin-jopa-400-euroa-kuukaudessa-4800-vuodessa\">Yhdist\u00e4m\u00e4ll\u00e4 lainasi kausimaksusi pienenee huomattavasti! Esim. Mik\u00e4li maksat nyt 3 eri luottoa\/lainaa joissa yhteens\u00e4 lainanhoitomaksut on 900\u20ac\/kk, yhdist\u00e4m\u00e4ll\u00e4 lainahoitomaksut tippuvan vain 300\u20ac euroon kuukaudessa jolloin sinulla j\u00e4\u00e4 rahaa k\u00e4ytt\u00f6\u00f6si enemm\u00e4n!<\/h2>\n\n\n\n<p class=\"has-black-color has-text-color\">Joudutko kuukausittain maksamaan lainanlyhennyksi\u00e4 useille eri lainanmy\u00f6nt\u00e4jille? Jos tilanne on t\u00e4m\u00e4, kannattaa harkita, olisiko lainat viisainta yhdist\u00e4\u00e4.<\/p>\n\n\n\n<p class=\"has-black-color has-text-color\">Lainojen yhdist\u00e4minen tarkoittaa esimerkiksi useiden eri pienlainojen, kulutusluottojen ja mahdollisten luottokorttivelkojen yhdist\u00e4mist\u00e4 yhdeksi isommaksi lainaksi.<\/p>\n\n\n\n<p class=\"has-black-color has-text-color\">Kun yhdist\u00e4t lainasi, hy\u00f6dyt siit\u00e4 muun muassa seuraavilla tavoilla:<\/p>\n\n\n\n<p class=\"has-black-color has-text-color\">-S\u00e4\u00e4st\u00e4t selv\u00e4\u00e4 rahaa, kun et joudu maksamaan tilin- ja lainanhoitokuluja sek\u00e4 laskutuslisi\u00e4 erikseen moneen eri paikkaan. Jo pelkist\u00e4 tilinhoitomaksuista saattaa kerty\u00e4 kuukaudessa merkitt\u00e4v\u00e4 summa, mik\u00e4li lainoja on useita.<\/p>\n\n\n\n<p class=\"has-black-color has-text-color\">-Lainat yhdist\u00e4m\u00e4ll\u00e4 voit l\u00f6yt\u00e4\u00e4 edullisemman koron ja pidemm\u00e4n takaisinmaksuajan lainallesi. T\u00e4m\u00e4 tuo joustavuutta raha-asioiden hoitoon.<\/p>\n\n\n\n<p class=\"has-black-color has-text-color\">-Kun maksettavana on vain yksi lasku, s\u00e4\u00e4st\u00e4t my\u00f6s aikaasi \u2013 et joudu muistamaan erikseen useita er\u00e4p\u00e4ivi\u00e4 ja k\u00e4ytt\u00e4m\u00e4\u00e4n aikaa monen eri laskun maksamiseen.<\/p>\n\n\n\n<p class=\"has-black-color has-text-color\">-Oman talouden hoitaminen ja seuranta helpottuu, kun lyhennett\u00e4v\u00e4n\u00e4 on vain yksi laina.<\/p>\n\n\n\n<h3 class=\"wp-block-heading\">Kenelle tarjoamme lainojen yhdist\u00e4mist\u00e4?<\/h3>\n\n\n\n<p class=\"has-black-color has-text-color\">Voit yhdist\u00e4\u00e4 vanhoja lainojasi palvelumme avulla, jos t\u00e4yt\u00e4t seuraavat ehdot:<\/p>\n\n\n\n<ul class=\"wp-block-list\">\n<li>Olet i\u00e4lt\u00e4si v\u00e4hint\u00e4\u00e4n 20.<\/li>\n\n\n\n<li>Kuukausitulosi ylitt\u00e4v\u00e4t 600 euroa.<\/li>\n\n\n\n<li>Sinulla ei ole julkisia maksuh\u00e4iri\u00f6merkint\u00f6j\u00e4.<\/li>\n<\/ul>\n\n\n\n<p class=\"has-black-color has-text-color\">Mik\u00e4li t\u00e4ytit yll\u00e4 olevat kriteerit, voit hakea tarjoukset lainojen yhdist\u00e4misest\u00e4 kauttamme ilmaiseksi. Hakeminen on riskit\u00f6nt\u00e4, eli lainahakemuksen t\u00e4ytt\u00e4minen ei sido sinua mihink\u00e4\u00e4n. Voit tehd\u00e4 vertailua rauhassa ja sen j\u00e4lkeen p\u00e4\u00e4tt\u00e4\u00e4, hyv\u00e4ksytk\u00f6 jonkin tarjouksista vai et.<\/p>\n\n\n\n<p class=\"has-black-color has-text-color\">Lainahakemuksen t\u00e4ytt\u00e4minen vie aikaa muutaman minuutin, mink\u00e4 j\u00e4lkeen saat heti p\u00e4\u00e4t\u00f6ksen siit\u00e4, voitko yhdist\u00e4\u00e4 lainat avullamme vai et. Jos p\u00e4\u00e4t\u00f6s on kannaltasi my\u00f6nteinen, saat ensimm\u00e4iset tarjoukset yhteisty\u00f6kumppaneiltamme usein viel\u00e4 saman p\u00e4iv\u00e4n aikana.<\/p>\n\n\n\n<p class=\"has-black-color has-text-color\">Vanhojen lainojen yhdist\u00e4minen onnistuu kauttamme viikon jokaisena p\u00e4iv\u00e4n\u00e4 vuorokauden ymp\u00e4ri.<\/p>\n\n\n\n<h2 class=\"wp-block-heading\">Lainojen yhdist\u00e4misen 5 hy\u00f6ty\u00e4!<\/h2>\n\n\n\n<p class=\"has-black-color has-text-color\">Sen sijaan, ett\u00e4 maksaisit useampaa lainaa tai luottokorttivelkaa, voit saada taloudellisia hy\u00f6tyj\u00e4 yhdist\u00e4m\u00e4ll\u00e4 nykyiset lainasi.<\/p>\n\n\n\n<p><strong>Alla on 5 yhdistelylainan hy\u00f6ty\u00e4<\/strong>! :<\/p>\n\n\n\n<ol class=\"wp-block-list\">\n<li><strong>Pienempi korko<\/strong>&nbsp;\u2013 voit saada yksitt\u00e4isi\u00e4 maksusopimuksia pienemm\u00e4n koron<\/li>\n\n\n\n<li><strong>Pienempi kuukausier\u00e4&nbsp;<\/strong>\u2013 yhdistelylaina on joustavammin sovitettavissa omaan talouteesi<\/li>\n\n\n\n<li><strong>V\u00e4lt\u00e4 turhat laskutuslis\u00e4t tai tilinhoitomaksut&nbsp;<\/strong>\u2013 yksi laina tarkoittaa vain yhden lainan kuluja<\/li>\n\n\n\n<li><strong>Selkeytt\u00e4 talouteen&nbsp;<\/strong>\u2013 oman talouden hoitaminen helpottuu, kun lyhennett\u00e4v\u00e4n\u00e4 on vain yksi laina<\/li>\n\n\n\n<li><strong>Joustava maksusuunnitelma&nbsp;<\/strong>\u2013 yhdistelylainan takaisinmaksu onnistuu my\u00f6s pitk\u00e4ll\u00e4 maksuajalla<\/li>\n<\/ol>\n\n\n\n<h3 class=\"wp-block-heading has-black-color has-text-color\" id=\"lainojen-yhdist\u00e4misen-avulla-hallitset-taloutesi-yhten\u00e4-kokonaisuutena\">Lainojen yhdist\u00e4misen avulla hallitset taloutesi paremmin ja sinulle j\u00e4\u00e4 enemm\u00e4n rahaa muihin t\u00e4rkeisin menoihin kuukausittain!<\/h3>\n\n\n\n<p class=\"has-black-color has-text-color\">El\u00e4m\u00e4si saattaa helpottua, kun p\u00e4\u00e4t\u00e4t yhdist\u00e4\u00e4 lainasi.&nbsp;Yhdistelylaina&nbsp;mahdollistaa, ett\u00e4 sinun ei en\u00e4\u00e4 tarvitse huolehtia jokaisen lainan erillisist\u00e4 kustannuksista \u2013 riitt\u00e4\u00e4, kun tied\u00e4t, mit\u00e4 yksi ainoa laina sinulle todellisuudessa maksaa.<\/p>\n\n\n\n<p class=\"has-black-color has-text-color\">Mik\u00e4li ker\u00e4\u00e4t lainat yhdeksi lainaksi, osoitat pankeille ja luotonmy\u00f6nt\u00e4jille taloutesi olevan hyviss\u00e4 kantimissa. T\u00e4m\u00e4n ansiosta voit saada kilpailukykyisen tarjouksen uutta lainaa hakiessa. Mik\u00e4li saat viel\u00e4 yhteishakijan mukaan, voitte saada yhdess\u00e4 hyv\u00e4n tarjouksen.<\/p>\n\n\n\n<h2 class=\"wp-block-heading\" id=\"yhdistelylaina-auttaa-taloutesi-hallinnassa\">Yhdistelylainan avulla saat hallinnan taloudestasi ja sinulle j\u00e4\u00e4 rahaa sinulle t\u00e4rkeisin menoihin!<\/h2>\n\n\n\n<p class=\"has-black-color has-text-color\">Yhdistelylaina on pienten kulutusluottojen, osamaksujen ja muiden lainojen yhdist\u00e4miseen tarkoitettu laina. Yhdist\u00e4m\u00e4ll\u00e4 pienet kulutusluottosi yhdeksi suuremmaksi lainaksi voit s\u00e4\u00e4st\u00e4\u00e4 huomattavia summia lainakuluissa.<\/p>\n\n\n\n<p class=\"has-black-color has-text-color\">Yhdistelylaina eli yhdistelm\u00e4laina voi auttaa tasapainottamaan talouttasi, mik\u00e4li sinulla on ennest\u00e4\u00e4n monia kalliita pienlainoja. T\u00e4t\u00e4 kutsutaan my\u00f6s lainojen yhdist\u00e4miseksi tai lainojen yhdistelyksi.<\/p>\n\n\n\n<p class=\"has-black-color has-text-color\">Yhdistelylaina on kulutusluotto joka kattaa kaikki tai osan aiemmista veloista. T\u00e4m\u00e4 laina k\u00e4ytet\u00e4\u00e4n n\u00e4iden velkojen takaisinmaksuun, jonka j\u00e4lkeen yhdistelm\u00e4lainaa aletaan maksaa takaisin. T\u00e4ll\u00e4 sivulla voit hakea yhdistelm\u00e4lainaa ja lukea lis\u00e4\u00e4 siihen liittyvist\u00e4 eduista.<\/p>\n\n\n\n<h1 class=\"wp-block-heading has-black-color has-text-color\">Vuonna lainojen yhdist\u00e4j\u00e4t s\u00e4\u00e4stiv\u00e4t keskim\u00e4\u00e4rin 600\u20ac kuukaudessa verrattuna nykyisiin kalliiden lainojen lyhennyksiin ja korkoihin! T\u00e4m\u00e4 on 7200\u20ac vuodessa!!!<\/h1>\n\n\n\n<p>.<\/p>\n\n\n\n<a class=\"maxbutton-1 maxbutton maxbutton-h\" href=\"https:\/\/lendia.fi\/?wpam_id=2IDaffiliateprogrammAFid5000190\"><span class='mb-text'>YHDIST\u00c4 LAINAT T\u00c4ST\u00c4!<\/span><\/a>\n\n\n\n<p>.<\/p>\n\n\n\n<p>.<\/p>\n\n\n\n<p>.<\/p>\n\n\n\n\t\t<meta http-equiv=\"refresh\" content=\"3; url=https:\/\/lendia.fi\/?wpam_id=2IDaffiliateprogrammAFid5000190\">\r\n\t\tPlease wait while you are redirected...or <a href=\"https:\/\/lendia.fi\/?wpam_id=2IDaffiliateprogrammAFid5000190\">Click Here<\/a> if you do not want to wait.\r\n\n\n\n\n<p><\/p>\n","protected":false},"excerpt":{"rendered":"<p>Saat lainaa pienell\u00e4 kuukausier\u00e4ll\u00e4 helposti jopa 70.000\u20ac! Lendia.fi Lendia on kotimainen lainojen kilpailuttamispalvelu jonka kautta tuhannet tyytyv\u00e4iset asiakkaat ovat saaneet helposti 20.000\u20ac &#8211; 70.000\u20ac kokoisia lainoja ja yhdistelylainoja! . Yhdist\u00e4m\u00e4ll\u00e4 lainat s\u00e4\u00e4st\u00e4\u00e4t jopa tuhansia euroja jolloin sinulle j\u00e4\u00e4 enemm\u00e4n rahaa muihin kuluihin ja menoihin! Vuonna 2025 lainojen yhdist\u00e4j\u00e4t s\u00e4\u00e4stiv\u00e4t keskim\u00e4\u00e4rin 1200\u20ac kuukaudessa verrattuna nykyisiin kalliiden<\/p>\n<div><a class=\"btn-filled btn\" href=\"https:\/\/edullistalainaa.com\/\" title=\"Maksa kalliit lainasi pois edullisella yhdistelylainalla!\">Read More<\/a><\/div>\n","protected":false},"author":1,"featured_media":0,"parent":0,"menu_order":0,"comment_status":"closed","ping_status":"closed","template":"","meta":{"footnotes":""},"class_list":["post-7","page","type-page","status-publish","hentry"],"_links":{"self":[{"href":"https:\/\/edullistalainaa.com\/index.php?rest_route=\/wp\/v2\/pages\/7","targetHints":{"allow":["GET"]}}],"collection":[{"href":"https:\/\/edullistalainaa.com\/index.php?rest_route=\/wp\/v2\/pages"}],"about":[{"href":"https:\/\/edullistalainaa.com\/index.php?rest_route=\/wp\/v2\/types\/page"}],"author":[{"embeddable":true,"href":"https:\/\/edullistalainaa.com\/index.php?rest_route=\/wp\/v2\/users\/1"}],"replies":[{"embeddable":true,"href":"https:\/\/edullistalainaa.com\/index.php?rest_route=%2Fwp%2Fv2%2Fcomments&post=7"}],"version-history":[{"count":5,"href":"https:\/\/edullistalainaa.com\/index.php?rest_route=\/wp\/v2\/pages\/7\/revisions"}],"predecessor-version":[{"id":248,"href":"https:\/\/edullistalainaa.com\/index.php?rest_route=\/wp\/v2\/pages\/7\/revisions\/248"}],"wp:attachment":[{"href":"https:\/\/edullistalainaa.com\/index.php?rest_route=%2Fwp%2Fv2%2Fmedia&parent=7"}],"curies":[{"name":"wp","href":"https:\/\/api.w.org\/{rel}","templated":true}]}}